{"id":147278,"date":"2025-09-01T10:32:02","date_gmt":"2025-09-01T08:32:02","guid":{"rendered":"https:\/\/crcindustries.eu\/marki\/"},"modified":"2026-01-13T11:52:52","modified_gmt":"2026-01-13T10:52:52","slug":"marki","status":"publish","type":"page","link":"https:\/\/pl.crcindustries.eu\/pl\/marki\/","title":{"rendered":"Marki"},"content":{"rendered":"<p><div class=\"fusion-bg-parallax\" data-bg-align=\"center center\" data-direction=\"up\" data-mute=\"false\" data-opacity=\"100\" data-velocity=\"-0.1\" data-mobile-enabled=\"false\" data-break_parents=\"0\" data-bg-image=\"https:\/\/crcindustries.eu\/wp-content\/uploads\/sites\/10\/2024\/05\/globle-bkg-careers-crcindurstries.jpg\" data-bg-repeat=\"false\" ><\/div><div class=\"fusion-fullwidth fullwidth-box fusion-builder-row-1 fusion-flex-container has-pattern-background has-mask-background fusion-parallax-up nonhundred-percent-fullwidth non-hundred-percent-height-scrolling\" style=\"--awb-border-radius-top-left:0px;--awb-border-radius-top-right:0px;--awb-border-radius-bottom-right:0px;--awb-border-radius-bottom-left:0px;--awb-padding-top:90px;--awb-padding-bottom:60px;--awb-padding-top-medium:120px;--awb-padding-bottom-medium:45px;--awb-padding-top-small:90px;--awb-padding-bottom-small:0px;--awb-min-height:362px;--awb-min-height-medium:400px;--awb-min-height-small:350px;--awb-background-image:url(&quot;https:\/\/crcindustries.eu\/wp-content\/uploads\/sites\/10\/2024\/05\/globle-bkg-careers-crcindurstries.jpg&quot;);--awb-background-size:cover;--awb-flex-wrap:wrap;\" ><div class=\"fusion-builder-row fusion-row fusion-flex-align-items-flex-end fusion-flex-align-content-flex-end fusion-flex-justify-content-space-between fusion-flex-content-wrap\" style=\"max-width:1456px;margin-left: calc(-4% \/ 2 );margin-right: calc(-4% \/ 2 );\"><div class=\"fusion-layout-column fusion_builder_column fusion-builder-column-0 fusion_builder_column_1_2 1_2 fusion-flex-column\" style=\"--awb-bg-size:cover;--awb-width-large:50%;--awb-margin-top-large:0px;--awb-spacing-right-large:3.84%;--awb-margin-bottom-large:30px;--awb-spacing-left-large:3.84%;--awb-width-medium:50%;--awb-order-medium:0;--awb-spacing-right-medium:3.84%;--awb-spacing-left-medium:3.84%;--awb-width-small:100%;--awb-order-small:0;--awb-spacing-right-small:1.92%;--awb-spacing-left-small:1.92%;\" data-scroll-devices=\"small-visibility,medium-visibility,large-visibility\"><div class=\"fusion-column-wrapper fusion-column-has-shadow fusion-flex-justify-content-flex-start fusion-content-layout-column\"><div class=\"fusion-title title fusion-title-1 fusion-sep-none fusion-title-text fusion-title-size-one\" style=\"--awb-text-color:var(--awb-color1);--awb-margin-top:0px;--awb-margin-right:0px;--awb-margin-bottom:0px;--awb-margin-left:0px;--awb-margin-top-small:0px;--awb-margin-right-small:0px;--awb-margin-bottom-small:0px;--awb-margin-left-small:0px;--awb-font-size:var(--awb-typography1-font-size);\"><h1 class=\"fusion-title-heading title-heading-left fusion-responsive-typography-calculated\" style=\"font-family:var(--awb-typography1-font-family);font-weight:var(--awb-typography1-font-weight);font-style:var(--awb-typography1-font-style);margin:0;letter-spacing:var(--awb-typography1-letter-spacing);text-transform:var(--awb-typography1-text-transform);font-size:1em;--fontSize:52;line-height:var(--awb-typography1-line-height);\">Marki<\/h1><\/div><\/div><\/div><\/div><\/div><div class=\"fusion-fullwidth fullwidth-box fusion-builder-row-2 fusion-flex-container has-pattern-background has-mask-background nonhundred-percent-fullwidth non-hundred-percent-height-scrolling\" style=\"--awb-border-radius-top-left:0px;--awb-border-radius-top-right:0px;--awb-border-radius-bottom-right:0px;--awb-border-radius-bottom-left:0px;--awb-padding-top:90px;--awb-padding-bottom:60px;--awb-padding-top-small:30px;--awb-padding-bottom-small:0px;--awb-flex-wrap:wrap;\" ><div class=\"fusion-builder-row fusion-row fusion-flex-align-items-flex-start fusion-flex-justify-content-center fusion-flex-content-wrap\" style=\"max-width:1456px;margin-left: calc(-4% \/ 2 );margin-right: calc(-4% \/ 2 );\"><div class=\"fusion-layout-column fusion_builder_column fusion-builder-column-1 fusion_builder_column_1_1 1_1 fusion-flex-column\" style=\"--awb-bg-size:cover;--awb-width-large:100%;--awb-margin-top-large:0px;--awb-spacing-right-large:1.92%;--awb-margin-bottom-large:30px;--awb-spacing-left-large:1.92%;--awb-width-medium:100%;--awb-order-medium:0;--awb-spacing-right-medium:1.92%;--awb-spacing-left-medium:1.92%;--awb-width-small:100%;--awb-order-small:0;--awb-spacing-right-small:1.92%;--awb-spacing-left-small:1.92%;\" data-scroll-devices=\"small-visibility,medium-visibility,large-visibility\"><div class=\"fusion-column-wrapper fusion-column-has-shadow fusion-flex-justify-content-flex-start fusion-content-layout-column\"><div class=\"fusion-post-cards fusion-post-cards-1 fusion-grid-columns-3\" style=\"--awb-column-spacing:60px;--awb-dots-align:center;--awb-columns:3;--awb-active-filter-border-size:3px;--awb-filters-height:36px;--awb-row-spacing:60px;--awb-columns-medium:50%;--awb-columns-small:100%;\"><ul class=\"fusion-grid fusion-grid-3 fusion-flex-align-items-stretch fusion-grid-posts-cards\"><li class=\"fusion-layout-column fusion_builder_column fusion-builder-column-2 fusion-flex-column crc-brand-pc post-card fusion-grid-column fusion-post-cards-grid-column\" style=\"--awb-bg-blend:overlay;--awb-bg-size:cover;--awb-flex-grow:0;--awb-flex-shrink:0;--awb-flex-grow-medium:0;--awb-flex-shrink-medium:0;--awb-flex-grow-small:0;--awb-flex-shrink-small:0;\" data-scroll-devices=\"small-visibility,medium-visibility,large-visibility\"><div class=\"fusion-column-wrapper fusion-column-has-shadow fusion-flex-justify-content-flex-start fusion-content-layout-column\"><div class=\"fusion-image-element \" style=\"text-align:center;--awb-aspect-ratio:3 \/ 2;--awb-margin-bottom:25px;--awb-max-width:192px;--awb-caption-title-font-family:var(--h2_typography-font-family);--awb-caption-title-font-weight:var(--h2_typography-font-weight);--awb-caption-title-font-style:var(--h2_typography-font-style);--awb-caption-title-size:var(--h2_typography-font-size);--awb-caption-title-transform:var(--h2_typography-text-transform);--awb-caption-title-line-height:var(--h2_typography-line-height);--awb-caption-title-letter-spacing:var(--h2_typography-letter-spacing);\"><div style=\"display:inline-block;width:192px;\"><span class=\" fusion-imageframe imageframe-none imageframe-1 hover-type-none has-aspect-ratio\"><img decoding=\"async\" width=\"1182\" height=\"904\" alt=\"Kontakt Chemie\" title=\"KOC_ByCRC\" src=\"https:\/\/pl.crcindustries.eu\/wp-content\/uploads\/sites\/10\/2024\/08\/KOC_ByCRC.png\" class=\"img-responsive wp-image-145123 img-with-aspect-ratio\" data-parent-fit=\"cover\" data-parent-container=\".fusion-image-element\" \/><\/span><\/div><\/div><div class=\"fusion-text fusion-text-1 fusion-text-no-margin\" style=\"--awb-content-alignment:center;--awb-margin-bottom:15px;\"><p>Kontakt Chemie jest jednym z wiod\u0105cych na \u015bwiecie producent\u00f3w specjalistycznych produkt\u00f3w chemicznych do konserwacji i napraw w przemy\u015ble, handlu, elektronice i sektorze motoryzacyjnym.<\/p>\n<\/div><div class=\"fusion-separator fusion-full-width-sep\" style=\"align-self: center;margin-left: auto;margin-right: auto;flex-grow:1;margin-top:0px;margin-bottom:0px;width:100%;max-width:100%;\"><\/div><div style=\"text-align:center;\"><a class=\"fusion-button button-flat fusion-button-default-size button-default fusion-button-default button-1 fusion-button-default-span fusion-button-default-type default-btn small-btn\" target=\"_self\" title=\"Zobacz produkty marki\" aria-label=\"Zobacz produkty marki\" href=\"https:\/\/pl.crcindustries.eu\/pl\/marka\/kontakt-chemie-pl\/\"><span class=\"fusion-button-text awb-button__text awb-button__text--default\">Wy\u015bwietl produkty<\/span><\/a><\/div><\/div><\/li>\n<li class=\"fusion-layout-column fusion_builder_column fusion-builder-column-3 fusion-flex-column crc-brand-pc post-card fusion-grid-column fusion-post-cards-grid-column\" style=\"--awb-bg-blend:overlay;--awb-bg-size:cover;--awb-flex-grow:0;--awb-flex-shrink:0;--awb-flex-grow-medium:0;--awb-flex-shrink-medium:0;--awb-flex-grow-small:0;--awb-flex-shrink-small:0;\" data-scroll-devices=\"small-visibility,medium-visibility,large-visibility\"><div class=\"fusion-column-wrapper fusion-column-has-shadow fusion-flex-justify-content-flex-start fusion-content-layout-column\"><div class=\"fusion-image-element \" style=\"text-align:center;--awb-aspect-ratio:3 \/ 2;--awb-margin-bottom:25px;--awb-max-width:192px;--awb-caption-title-font-family:var(--h2_typography-font-family);--awb-caption-title-font-weight:var(--h2_typography-font-weight);--awb-caption-title-font-style:var(--h2_typography-font-style);--awb-caption-title-size:var(--h2_typography-font-size);--awb-caption-title-transform:var(--h2_typography-text-transform);--awb-caption-title-line-height:var(--h2_typography-line-height);--awb-caption-title-letter-spacing:var(--h2_typography-letter-spacing);\"><div style=\"display:inline-block;width:192px;\"><span class=\" fusion-imageframe imageframe-none imageframe-2 hover-type-none has-aspect-ratio\"><img decoding=\"async\" width=\"1920\" height=\"1080\" alt=\"SmartWasher\" title=\"SmartWasher\" src=\"https:\/\/pl.crcindustries.eu\/wp-content\/uploads\/sites\/10\/2024\/07\/7.png\" class=\"img-responsive wp-image-144987 img-with-aspect-ratio\" data-parent-fit=\"cover\" data-parent-container=\".fusion-image-element\" \/><\/span><\/div><\/div><div class=\"fusion-text fusion-text-2 fusion-text-no-margin\" style=\"--awb-content-alignment:center;--awb-margin-bottom:15px;\"><p>Opatentowany system SmartWasher\u00ae to innowacyjny system mycia cz\u0119\u015bci wykorzystuj\u0105cy bioremediacj\u0119, eliminuj\u0105cy potrzeb\u0119 wywo\u017cenia zu\u017cytego p\u0142ynu. Sk\u0142ada si\u0119 on z trzech g\u0142\u00f3wnych komponent\u00f3w: jednostki SmartWasher, nieszkodliwych roztwor\u00f3w odt\u0142uszczaj\u0105cych OzzyJuice oraz maty OzzyMat, wype\u0142nionej mikroorganizmami maty do wychwytywania cz\u0105stek sta\u0142ych. <\/p>\n<\/div><div class=\"fusion-separator fusion-full-width-sep\" style=\"align-self: center;margin-left: auto;margin-right: auto;flex-grow:1;margin-top:0px;margin-bottom:0px;width:100%;max-width:100%;\"><\/div><div style=\"text-align:center;\"><a class=\"fusion-button button-flat fusion-button-default-size button-default fusion-button-default button-2 fusion-button-default-span fusion-button-default-type default-btn small-btn\" target=\"_self\" title=\"Zobacz produkty marki\" aria-label=\"Zobacz produkty marki\" href=\"https:\/\/pl.crcindustries.eu\/pl\/marka\/crc-smartwasher-pl\/\"><span class=\"fusion-button-text awb-button__text awb-button__text--default\">Wy\u015bwietl produkty<\/span><\/a><\/div><\/div><\/li>\n<li class=\"fusion-layout-column fusion_builder_column fusion-builder-column-4 fusion-flex-column crc-brand-pc post-card fusion-grid-column fusion-post-cards-grid-column\" style=\"--awb-bg-blend:overlay;--awb-bg-size:cover;--awb-flex-grow:0;--awb-flex-shrink:0;--awb-flex-grow-medium:0;--awb-flex-shrink-medium:0;--awb-flex-grow-small:0;--awb-flex-shrink-small:0;\" data-scroll-devices=\"small-visibility,medium-visibility,large-visibility\"><div class=\"fusion-column-wrapper fusion-column-has-shadow fusion-flex-justify-content-flex-start fusion-content-layout-column\"><div class=\"fusion-image-element \" style=\"text-align:center;--awb-aspect-ratio:3 \/ 2;--awb-margin-bottom:25px;--awb-max-width:192px;--awb-caption-title-font-family:var(--h2_typography-font-family);--awb-caption-title-font-weight:var(--h2_typography-font-weight);--awb-caption-title-font-style:var(--h2_typography-font-style);--awb-caption-title-size:var(--h2_typography-font-size);--awb-caption-title-transform:var(--h2_typography-text-transform);--awb-caption-title-line-height:var(--h2_typography-line-height);--awb-caption-title-letter-spacing:var(--h2_typography-letter-spacing);\"><div style=\"display:inline-block;width:192px;\"><span class=\" fusion-imageframe imageframe-none imageframe-3 hover-type-none has-aspect-ratio\"><img decoding=\"async\" width=\"1374\" height=\"618\" alt=\"CRC Logo\" title=\"CRC Logo\" src=\"https:\/\/pl.crcindustries.eu\/wp-content\/uploads\/sites\/10\/2022\/04\/CRC_Logo_RGB_Horiz_Tag_Black-1-e1721981441340.png\" class=\"img-responsive wp-image-145043 img-with-aspect-ratio\" data-parent-fit=\"cover\" data-parent-container=\".fusion-image-element\" \/><\/span><\/div><\/div><div class=\"fusion-text fusion-text-3 fusion-text-no-margin\" style=\"--awb-content-alignment:center;--awb-margin-bottom:15px;\"><p>CRC Industries Europe jest globalnym dostawc\u0105 wysokowydajnych rozwi\u0105za\u0144 chemicznych dla sektora przemys\u0142owego, motoryzacyjnego i elektrycznego. Produkujemy i dostarczamy \u015brodki czyszcz\u0105ce, smary, produkty antykorozyjne, kleje, rozwi\u0105zania spawalnicze, dodatki, farby, produkty do formowania i inne specjalistyczne preparaty; wszystkie zaprojektowane w celu wspierania profesjonalnych przep\u0142yw\u00f3w pracy i optymalizacji wydajno\u015bci. Obs\u0142ugujemy klient\u00f3w w ca\u0142ej Europie, Afryce i na Bliskim Wschodzie.  <\/p>\n<\/div><div class=\"fusion-separator fusion-full-width-sep\" style=\"align-self: center;margin-left: auto;margin-right: auto;flex-grow:1;margin-top:0px;margin-bottom:0px;width:100%;max-width:100%;\"><\/div><div style=\"text-align:center;\"><a class=\"fusion-button button-flat fusion-button-default-size button-default fusion-button-default button-3 fusion-button-default-span fusion-button-default-type default-btn small-btn\" target=\"_self\" title=\"Zobacz produkty marki\" aria-label=\"Zobacz produkty marki\" href=\"https:\/\/pl.crcindustries.eu\/pl\/marka\/crc-professional-pl\/\"><span class=\"fusion-button-text awb-button__text awb-button__text--default\">Wy\u015bwietl produkty<\/span><\/a><\/div><\/div><\/li>\n<li class=\"fusion-layout-column fusion_builder_column fusion-builder-column-5 fusion-flex-column crc-brand-pc post-card fusion-grid-column fusion-post-cards-grid-column\" style=\"--awb-bg-blend:overlay;--awb-bg-size:cover;--awb-flex-grow:0;--awb-flex-shrink:0;--awb-flex-grow-medium:0;--awb-flex-shrink-medium:0;--awb-flex-grow-small:0;--awb-flex-shrink-small:0;\" data-scroll-devices=\"small-visibility,medium-visibility,large-visibility\"><div class=\"fusion-column-wrapper fusion-column-has-shadow fusion-flex-justify-content-flex-start fusion-content-layout-column\"><div class=\"fusion-image-element \" style=\"text-align:center;--awb-aspect-ratio:3 \/ 2;--awb-margin-bottom:25px;--awb-max-width:192px;--awb-caption-title-font-family:var(--h2_typography-font-family);--awb-caption-title-font-weight:var(--h2_typography-font-weight);--awb-caption-title-font-style:var(--h2_typography-font-style);--awb-caption-title-size:var(--h2_typography-font-size);--awb-caption-title-transform:var(--h2_typography-text-transform);--awb-caption-title-line-height:var(--h2_typography-line-height);--awb-caption-title-letter-spacing:var(--h2_typography-letter-spacing);\"><div style=\"display:inline-block;width:192px;\"><span class=\" fusion-imageframe imageframe-none imageframe-4 hover-type-none has-aspect-ratio\"><img decoding=\"async\" width=\"775\" height=\"365\" alt=\"CRC-Evapo-Rust-Logo-Lockup-Strapline_RGB.png (1)\" title=\"CRC-Evapo-Rust-Logo-Lockup-Strapline_RGB.png (1)\" src=\"https:\/\/pl.crcindustries.eu\/wp-content\/uploads\/sites\/10\/2026\/01\/CRC-Evapo-Rust-Logo-Lockup-Strapline_RGB.png-1.webp\" class=\"img-responsive wp-image-175629 img-with-aspect-ratio\" data-parent-fit=\"cover\" data-parent-container=\".fusion-image-element\" srcset=\"https:\/\/pl.crcindustries.eu\/wp-content\/uploads\/sites\/10\/2026\/01\/CRC-Evapo-Rust-Logo-Lockup-Strapline_RGB.png-1-200x94.webp 200w, https:\/\/pl.crcindustries.eu\/wp-content\/uploads\/sites\/10\/2026\/01\/CRC-Evapo-Rust-Logo-Lockup-Strapline_RGB.png-1-400x188.webp 400w, https:\/\/pl.crcindustries.eu\/wp-content\/uploads\/sites\/10\/2026\/01\/CRC-Evapo-Rust-Logo-Lockup-Strapline_RGB.png-1-600x283.webp 600w, https:\/\/pl.crcindustries.eu\/wp-content\/uploads\/sites\/10\/2026\/01\/CRC-Evapo-Rust-Logo-Lockup-Strapline_RGB.png-1.webp 775w\" sizes=\"(max-width: 800px) 100vw, 775px\" \/><\/span><\/div><\/div><div class=\"fusion-text fusion-text-4 fusion-text-no-margin\" style=\"--awb-content-alignment:center;--awb-margin-bottom:15px;\"><p>Evapo-Rust\u00ae to nietoksyczny odrdzewiacz, kt\u00f3ry szybko odnawia powierzchnie bez szorowania i szlifowania. Jego silna formu\u0142a skutecznie eliminuje rdz\u0119 i jest bezpieczna, prosta i \u0142atwa w u\u017cyciu. Roztw\u00f3r jest gotowy do u\u017cycia, bez konieczno\u015bci mieszania.  <\/p>\n<\/div><div class=\"fusion-separator fusion-full-width-sep\" style=\"align-self: center;margin-left: auto;margin-right: auto;flex-grow:1;margin-top:0px;margin-bottom:0px;width:100%;max-width:100%;\"><\/div><div style=\"text-align:center;\"><a class=\"fusion-button button-flat fusion-button-default-size button-default fusion-button-default button-4 fusion-button-default-span fusion-button-default-type default-btn small-btn\" target=\"_self\" title=\"Zobacz produkty marki\" aria-label=\"Zobacz produkty marki\" href=\"https:\/\/pl.crcindustries.eu\/pl\/marka\/crc-evapo-rust-pl\/\"><span class=\"fusion-button-text awb-button__text awb-button__text--default\">Wy\u015bwietl produkty<\/span><\/a><\/div><\/div><\/li>\n<li class=\"fusion-layout-column fusion_builder_column fusion-builder-column-6 fusion-flex-column crc-brand-pc post-card fusion-grid-column fusion-post-cards-grid-column\" style=\"--awb-bg-blend:overlay;--awb-bg-size:cover;--awb-flex-grow:0;--awb-flex-shrink:0;--awb-flex-grow-medium:0;--awb-flex-shrink-medium:0;--awb-flex-grow-small:0;--awb-flex-shrink-small:0;\" data-scroll-devices=\"small-visibility,medium-visibility,large-visibility\"><div class=\"fusion-column-wrapper fusion-column-has-shadow fusion-flex-justify-content-flex-start fusion-content-layout-column\"><div class=\"fusion-image-element \" style=\"text-align:center;--awb-aspect-ratio:3 \/ 2;--awb-margin-bottom:25px;--awb-max-width:192px;--awb-caption-title-font-family:var(--h2_typography-font-family);--awb-caption-title-font-weight:var(--h2_typography-font-weight);--awb-caption-title-font-style:var(--h2_typography-font-style);--awb-caption-title-size:var(--h2_typography-font-size);--awb-caption-title-transform:var(--h2_typography-text-transform);--awb-caption-title-line-height:var(--h2_typography-line-height);--awb-caption-title-letter-spacing:var(--h2_typography-letter-spacing);\"><div style=\"display:inline-block;width:192px;\"><span class=\" fusion-imageframe imageframe-none imageframe-5 hover-type-none has-aspect-ratio\"><img decoding=\"async\" width=\"500\" height=\"257\" alt=\"Ambersil\" title=\"Ambersil-ByCRC_WithLogo\" src=\"https:\/\/pl.crcindustries.eu\/wp-content\/uploads\/sites\/10\/2024\/08\/Ambersil-ByCRC_WithLogo.png\" class=\"img-responsive wp-image-145115 img-with-aspect-ratio\" data-parent-fit=\"cover\" data-parent-container=\".fusion-image-element\" \/><\/span><\/div><\/div><div class=\"fusion-text fusion-text-5 fusion-text-no-margin\" style=\"--awb-content-alignment:center;--awb-margin-bottom:15px;\"><p>Ambersil jest wiod\u0105cym na rynku formulatorem i producentem chemikali\u00f3w MRO, opracowanych do zastosowa\u0144 przemys\u0142owych. Wsp\u00f3\u0142pracujemy z przemys\u0142em, aby zapewni\u0107 prawdziw\u0105 warto\u015b\u0107 dodan\u0105. Specjalizujemy si\u0119 w technologii aerozolowej, dysponuj\u0105c specjalnie zbudowanym zak\u0142adem mieszania i produkcji. Zaopatrujemy i wsp\u00f3\u0142pracujemy z sieci\u0105 lokalnych, krajowych i mi\u0119dzynarodowych dystrybutor\u00f3w, kt\u00f3rzy mog\u0105 dostarcza\u0107 Ambersil.   <\/p>\n<\/div><div class=\"fusion-separator fusion-full-width-sep\" style=\"align-self: center;margin-left: auto;margin-right: auto;flex-grow:1;margin-top:0px;margin-bottom:0px;width:100%;max-width:100%;\"><\/div><div style=\"text-align:center;\"><a class=\"fusion-button button-flat fusion-button-default-size button-default fusion-button-default button-5 fusion-button-default-span fusion-button-default-type default-btn small-btn\" target=\"_self\" title=\"Zobacz produkty marki\" aria-label=\"Zobacz produkty marki\" href=\"https:\/\/pl.crcindustries.eu\/pl\/marka\/ambersil-pl\/\"><span class=\"fusion-button-text awb-button__text awb-button__text--default\">Wy\u015bwietl produkty<\/span><\/a><\/div><\/div><\/li>\n<\/ul><\/div><\/div><\/div><\/div><\/div><\/p>\n","protected":false},"excerpt":{"rendered":"","protected":false},"author":1,"featured_media":0,"parent":0,"menu_order":0,"comment_status":"closed","ping_status":"closed","template":"100-width.php","meta":{"_acf_changed":false,"footnotes":""},"class_list":["post-147278","page","type-page","status-publish","hentry"],"acf":[],"_links":{"self":[{"href":"https:\/\/pl.crcindustries.eu\/pl\/wp-json\/wp\/v2\/pages\/147278","targetHints":{"allow":["GET"]}}],"collection":[{"href":"https:\/\/pl.crcindustries.eu\/pl\/wp-json\/wp\/v2\/pages"}],"about":[{"href":"https:\/\/pl.crcindustries.eu\/pl\/wp-json\/wp\/v2\/types\/page"}],"author":[{"embeddable":true,"href":"https:\/\/pl.crcindustries.eu\/pl\/wp-json\/wp\/v2\/users\/1"}],"replies":[{"embeddable":true,"href":"https:\/\/pl.crcindustries.eu\/pl\/wp-json\/wp\/v2\/comments?post=147278"}],"version-history":[{"count":2,"href":"https:\/\/pl.crcindustries.eu\/pl\/wp-json\/wp\/v2\/pages\/147278\/revisions"}],"predecessor-version":[{"id":175625,"href":"https:\/\/pl.crcindustries.eu\/pl\/wp-json\/wp\/v2\/pages\/147278\/revisions\/175625"}],"wp:attachment":[{"href":"https:\/\/pl.crcindustries.eu\/pl\/wp-json\/wp\/v2\/media?parent=147278"}],"curies":[{"name":"wp","href":"https:\/\/api.w.org\/{rel}","templated":true}]}}